{"id":6503,"date":"2024-03-12T18:14:46","date_gmt":"2024-03-12T17:14:46","guid":{"rendered":"https:\/\/sagitter.com\/?page_id=6503"},"modified":"2024-03-19T14:55:04","modified_gmt":"2024-03-19T13:55:04","slug":"corsobsidian","status":"publish","type":"page","link":"https:\/\/sagitter.com\/it\/corsobsidian\/","title":{"rendered":"Corsobsidian"},"content":{"rendered":"\t\t<div data-elementor-type=\"wp-page\" data-elementor-id=\"6503\" class=\"elementor elementor-6503\" data-elementor-post-type=\"page\">\n\t\t\t\t<div class=\"elementor-element elementor-element-4f824213 e-flex e-con-boxed e-con e-parent\" data-id=\"4f824213\" data-element_type=\"container\">\n\t\t\t\t\t<div class=\"e-con-inner\">\n\t\t\t\t<div class=\"elementor-element elementor-element-2e8949c3 elementor-widget elementor-widget-image\" data-id=\"2e8949c3\" data-element_type=\"widget\" data-widget_type=\"image.default\">\n\t\t\t\t<div class=\"elementor-widget-container\">\n\t\t\t\t\t\t\t\t\t\t\t\t\t\t\t<img fetchpriority=\"high\" decoding=\"async\" width=\"2560\" height=\"914\" src=\"https:\/\/sagitter.com\/wp-content\/uploads\/2024\/03\/BANNER-WEB-OBSIDIAN_2024_Tavola-disegno-1-1-scaled-1.jpg\" class=\"attachment-full size-full wp-image-6505\" alt=\"\" srcset=\"https:\/\/sagitter.com\/wp-content\/uploads\/2024\/03\/BANNER-WEB-OBSIDIAN_2024_Tavola-disegno-1-1-scaled-1.jpg 2560w, https:\/\/sagitter.com\/wp-content\/uploads\/2024\/03\/BANNER-WEB-OBSIDIAN_2024_Tavola-disegno-1-1-scaled-1-300x107.jpg 300w, https:\/\/sagitter.com\/wp-content\/uploads\/2024\/03\/BANNER-WEB-OBSIDIAN_2024_Tavola-disegno-1-1-scaled-1-1024x366.jpg 1024w, https:\/\/sagitter.com\/wp-content\/uploads\/2024\/03\/BANNER-WEB-OBSIDIAN_2024_Tavola-disegno-1-1-scaled-1-768x274.jpg 768w, https:\/\/sagitter.com\/wp-content\/uploads\/2024\/03\/BANNER-WEB-OBSIDIAN_2024_Tavola-disegno-1-1-scaled-1-1536x548.jpg 1536w, https:\/\/sagitter.com\/wp-content\/uploads\/2024\/03\/BANNER-WEB-OBSIDIAN_2024_Tavola-disegno-1-1-scaled-1-2048x731.jpg 2048w, https:\/\/sagitter.com\/wp-content\/uploads\/2024\/03\/BANNER-WEB-OBSIDIAN_2024_Tavola-disegno-1-1-scaled-1-600x214.jpg 600w\" sizes=\"(max-width: 2560px) 100vw, 2560px\" \/>\t\t\t\t\t\t\t\t\t\t\t\t\t\t\t<\/div>\n\t\t\t\t<\/div>\n\t\t\t\t\t<\/div>\n\t\t\t\t<\/div>\n\t\t<div class=\"elementor-element elementor-element-f3a3fda e-flex e-con-boxed e-con e-parent\" data-id=\"f3a3fda\" data-element_type=\"container\">\n\t\t\t\t\t<div class=\"e-con-inner\">\n\t\t<div class=\"elementor-element elementor-element-31620469 e-con-full e-flex e-con e-child\" data-id=\"31620469\" data-element_type=\"container\">\n\t\t\t\t<div class=\"elementor-element elementor-element-af0a9ec elementor-widget elementor-widget-heading\" data-id=\"af0a9ec\" data-element_type=\"widget\" data-widget_type=\"heading.default\">\n\t\t\t\t<div class=\"elementor-widget-container\">\n\t\t\t\t\t<h2 class=\"elementor-heading-title elementor-size-default\">Confcooperative Lazio Sud<br>Latina<\/h2>\t\t\t\t<\/div>\n\t\t\t\t<\/div>\n\t\t\t\t<div class=\"elementor-element elementor-element-3f318674 elementor-widget elementor-widget-text-editor\" data-id=\"3f318674\" data-element_type=\"widget\" data-widget_type=\"text-editor.default\">\n\t\t\t\t<div class=\"elementor-widget-container\">\n\t\t\t\t\t\t\t\t\t<p>da Marted\u00ec 19 Marzo 2024 &#8211; h.10:00<br \/><span style=\"color: var( --e-global-color-text ); font-family: var( --e-global-typography-text-font-family ), Sans-serif; font-weight: var( --e-global-typography-text-font-weight ); font-size: 1rem;\">a Mercoled\u00ec 20 Marzo 2024 &#8211; h.18:00<\/span><\/p>\t\t\t\t\t\t\t\t<\/div>\n\t\t\t\t<\/div>\n\t\t\t\t<div class=\"elementor-element elementor-element-6a8e448f elementor-align-center elementor-widget elementor-widget-button\" data-id=\"6a8e448f\" data-element_type=\"widget\" data-widget_type=\"button.default\">\n\t\t\t\t<div class=\"elementor-widget-container\">\n\t\t\t\t\t\t\t\t\t<div class=\"elementor-button-wrapper\">\n\t\t\t\t\t<a class=\"elementor-button elementor-size-sm\" role=\"button\">\n\t\t\t\t\t\t<span class=\"elementor-button-content-wrapper\">\n\t\t\t\t\t\t\t\t\t<span class=\"elementor-button-text\">ISCRIZIONI CHIUSE<\/span>\n\t\t\t\t\t<\/span>\n\t\t\t\t\t<\/a>\n\t\t\t\t<\/div>\n\t\t\t\t\t\t\t\t<\/div>\n\t\t\t\t<\/div>\n\t\t\t\t<\/div>\n\t\t<div class=\"elementor-element elementor-element-6c466d97 e-con-full e-flex e-con e-child\" data-id=\"6c466d97\" data-element_type=\"container\">\n\t\t\t\t<div class=\"elementor-element elementor-element-b7396d9 elementor-widget elementor-widget-heading\" data-id=\"b7396d9\" data-element_type=\"widget\" data-widget_type=\"heading.default\">\n\t\t\t\t<div class=\"elementor-widget-container\">\n\t\t\t\t\t<h2 class=\"elementor-heading-title elementor-size-default\">Proel - On and On Theater<br>Sant'Omero (TE)<\/h2>\t\t\t\t<\/div>\n\t\t\t\t<\/div>\n\t\t\t\t<div class=\"elementor-element elementor-element-35df050a elementor-widget elementor-widget-text-editor\" data-id=\"35df050a\" data-element_type=\"widget\" data-widget_type=\"text-editor.default\">\n\t\t\t\t<div class=\"elementor-widget-container\">\n\t\t\t\t\t\t\t\t\t<p>da Marted\u00ec 26 Marzo 2024 &#8211; h.10:00<br \/><span style=\"color: var( --e-global-color-text ); font-family: var( --e-global-typography-text-font-family ), Sans-serif; font-weight: var( --e-global-typography-text-font-weight ); font-size: 1rem;\">a Mercoled\u00ec 27 Marzo 2024 &#8211; h.18:00<\/span><\/p>\t\t\t\t\t\t\t\t<\/div>\n\t\t\t\t<\/div>\n\t\t\t\t<div class=\"elementor-element elementor-element-63b563ac elementor-align-center elementor-widget elementor-widget-button\" data-id=\"63b563ac\" data-element_type=\"widget\" data-widget_type=\"button.default\">\n\t\t\t\t<div class=\"elementor-widget-container\">\n\t\t\t\t\t\t\t\t\t<div class=\"elementor-button-wrapper\">\n\t\t\t\t\t<a class=\"elementor-button elementor-button-link elementor-size-sm\" href=\"https:\/\/sagitter.com\/it\/obsidian-proel\" target=\"_blank\">\n\t\t\t\t\t\t<span class=\"elementor-button-content-wrapper\">\n\t\t\t\t\t\t\t\t\t<span class=\"elementor-button-text\">PARTECIPA<\/span>\n\t\t\t\t\t<\/span>\n\t\t\t\t\t<\/a>\n\t\t\t\t<\/div>\n\t\t\t\t\t\t\t\t<\/div>\n\t\t\t\t<\/div>\n\t\t\t\t<\/div>\n\t\t\t\t\t<\/div>\n\t\t\t\t<\/div>\n\t\t<div class=\"elementor-element elementor-element-39e70585 e-flex e-con-boxed e-con e-parent\" data-id=\"39e70585\" data-element_type=\"container\">\n\t\t\t\t\t<div class=\"e-con-inner\">\n\t\t\t\t<div class=\"elementor-element elementor-element-1c5d5a0b elementor-widget elementor-widget-heading\" data-id=\"1c5d5a0b\" data-element_type=\"widget\" data-widget_type=\"heading.default\">\n\t\t\t\t<div class=\"elementor-widget-container\">\n\t\t\t\t\t<h2 class=\"elementor-heading-title elementor-size-default\"><strong>Training Livello Base e Intermedio<\/strong><\/h2>\t\t\t\t<\/div>\n\t\t\t\t<\/div>\n\t\t\t\t<div class=\"elementor-element elementor-element-326605b1 elementor-widget elementor-widget-text-editor\" data-id=\"326605b1\" data-element_type=\"widget\" data-widget_type=\"text-editor.default\">\n\t\t\t\t<div class=\"elementor-widget-container\">\n\t\t\t\t\t\t\t\t\t<p>Ogni tappa prevede due giornate di formazione tecnica e pratica sull\u2019utilizzo e gestione delle consolle Obsidian.<\/p><p>Partendo dal livello base, vedremo in maniera approfondita tutte le caratteristiche delle consolle e del software Onyx, il set-up delle fixtures, dei vari comandi, submaster, playback e creeremo gruppi, preset, Cue.<\/p><p>Il secondo giorno entreremo nel vivo del set-up del layout della consolle, della gestione di uno show file e approfondiremo tutte le funzioni principali delle consolle NX1 e NX2.<\/p><p>Al termine delle due giornate di training avrai le competenze tecniche per gestire in autonomia le consolle Obsidian.<\/p><p>Partecipando ad entrambe le giornate (a Latina o Sant&#8217;Omero) riceverai l\u2019Attestato di Partecipazione Obsidian.<\/p><p><strong>Ciascuna tappa del training verr\u00e0 attivata al raggiungimento minimo di 6 partecipanti.<\/strong><\/p>\t\t\t\t\t\t\t\t<\/div>\n\t\t\t\t<\/div>\n\t\t\t\t\t<\/div>\n\t\t\t\t<\/div>\n\t\t<div class=\"elementor-element elementor-element-3a6d2106 e-flex e-con-boxed e-con e-parent\" data-id=\"3a6d2106\" data-element_type=\"container\">\n\t\t\t\t\t<div class=\"e-con-inner\">\n\t\t\t\t<div class=\"elementor-element elementor-element-68e50672 elementor-widget elementor-widget-heading\" data-id=\"68e50672\" data-element_type=\"widget\" data-widget_type=\"heading.default\">\n\t\t\t\t<div class=\"elementor-widget-container\">\n\t\t\t\t\t<h2 class=\"elementor-heading-title elementor-size-default\">Programma<\/h2>\t\t\t\t<\/div>\n\t\t\t\t<\/div>\n\t\t\t\t\t<\/div>\n\t\t\t\t<\/div>\n\t\t<div class=\"elementor-element elementor-element-2050bad4 e-flex e-con-boxed e-con e-parent\" data-id=\"2050bad4\" data-element_type=\"container\">\n\t\t\t\t\t<div class=\"e-con-inner\">\n\t\t<div class=\"elementor-element elementor-element-3dd53331 e-con-full e-flex e-con e-child\" data-id=\"3dd53331\" data-element_type=\"container\">\n\t\t\t\t<div class=\"elementor-element elementor-element-14adab23 elementor-widget elementor-widget-text-editor\" data-id=\"14adab23\" data-element_type=\"widget\" data-widget_type=\"text-editor.default\">\n\t\t\t\t<div class=\"elementor-widget-container\">\n\t\t\t\t\t\t\t\t\t<p><strong>Day 1<\/strong><\/p><ul><li>Fixture Patch<\/li><li>Creare un 2d plan<\/li><li>Fixture Controls<\/li><li>Il Programmer<\/li><li>La Selezione delle fixtures<\/li><li>Creare i Gruppi<\/li><li>Creare un Preset<\/li><li>Creare una Cue<\/li><li>Editing di una Cue<\/li><li>Creare un FX base<\/li><li>Salvare un show<\/li><\/ul>\t\t\t\t\t\t\t\t<\/div>\n\t\t\t\t<\/div>\n\t\t\t\t<\/div>\n\t\t<div class=\"elementor-element elementor-element-7852c7b1 e-con-full e-flex e-con e-child\" data-id=\"7852c7b1\" data-element_type=\"container\">\n\t\t\t\t<div class=\"elementor-element elementor-element-1aeabc07 elementor-widget elementor-widget-text-editor\" data-id=\"1aeabc07\" data-element_type=\"widget\" data-widget_type=\"text-editor.default\">\n\t\t\t\t<div class=\"elementor-widget-container\">\n\t\t\t\t\t\t\t\t\t<p><strong>Day 2<\/strong><\/p><ul><li>Creare i Layouts<\/li><li>Ytilizzo del Tracking<\/li><li>Differenze tra Active\/Inactive<\/li><li>Advanced\/Timing<\/li><li>Le Mark cues<\/li><li>FX Speed<\/li><li>La funzione di Load<\/li><li>Playback e le varie Opzioni<\/li><li>Demo Dylos<\/li><\/ul>\t\t\t\t\t\t\t\t<\/div>\n\t\t\t\t<\/div>\n\t\t\t\t<\/div>\n\t\t\t\t\t<\/div>\n\t\t\t\t<\/div>\n\t\t<div class=\"elementor-element elementor-element-42093dba e-flex e-con-boxed e-con e-parent\" data-id=\"42093dba\" data-element_type=\"container\">\n\t\t\t\t\t<div class=\"e-con-inner\">\n\t\t\t\t<div class=\"elementor-element elementor-element-3731b17 elementor-widget elementor-widget-heading\" data-id=\"3731b17\" data-element_type=\"widget\" data-widget_type=\"heading.default\">\n\t\t\t\t<div class=\"elementor-widget-container\">\n\t\t\t\t\t<h2 class=\"elementor-heading-title elementor-size-default\">Dove e Quando<\/h2>\t\t\t\t<\/div>\n\t\t\t\t<\/div>\n\t\t\t\t<div class=\"elementor-element elementor-element-47bd223d elementor-widget elementor-widget-text-editor\" data-id=\"47bd223d\" data-element_type=\"widget\" data-widget_type=\"text-editor.default\">\n\t\t\t\t<div class=\"elementor-widget-container\">\n\t\t\t\t\t\t\t\t\t<p><strong>Sede Confcooperative Lazio sud &#8211; Latina<\/strong>, Marted\u00ec 19 e Mercoled\u00ec 20 Marzo 2024 <b>ISCRIZIONI CHIUSE<\/b><\/p>\n<p><strong>Proel On and On Theater &#8211; Sant\u2019Omero (TE)<\/strong>, Marted\u00ec 26 e Mercoled\u00ec 27 Marzo 2024 Prenota <span style=\"color: #009fe3;\"><a style=\"color: #009fe3;\" href=\"https:\/\/sagitter.com\/it\/obsidian-proel\" target=\"_blank\" rel=\"noopener\">Qui<\/a><\/span><\/p>\n<p>Dalle 10.00 alle 13:00 e dalle 14:00 alle 18:00<\/p>\n<p><strong>SCEGLI LUOGO E DATA CHE PREFERISCI E PRENOTA IL TUO POSTO PER RICEVERE I DETTAGLI<\/strong><\/p>\t\t\t\t\t\t\t\t<\/div>\n\t\t\t\t<\/div>\n\t\t\t\t<div class=\"elementor-element elementor-element-6bee9bf5 elementor-widget elementor-widget-heading\" data-id=\"6bee9bf5\" data-element_type=\"widget\" data-widget_type=\"heading.default\">\n\t\t\t\t<div class=\"elementor-widget-container\">\n\t\t\t\t\t<h2 class=\"elementor-heading-title elementor-size-default\">Trainer<\/h2>\t\t\t\t<\/div>\n\t\t\t\t<\/div>\n\t\t\t\t<div class=\"elementor-element elementor-element-3af9df1d elementor-widget elementor-widget-text-editor\" data-id=\"3af9df1d\" data-element_type=\"widget\" data-widget_type=\"text-editor.default\">\n\t\t\t\t<div class=\"elementor-widget-container\">\n\t\t\t\t\t\t\t\t\t<p><span class=\"ui-provider ee bcl bcm bcn bco bcp bcq bcr bcs bct bcu bcv bcw bcx bcy bcz bda bdb bdc bdd bde bdf bdg bdh bdi bdj bdk bdl bdm bdn bdo bdp bdq bdr bds\" dir=\"ltr\"><a href=\"https:\/\/www.facebook.com\/vannetti?sfnsn=scwspwa\"><span style=\"color: #009fe3;\">Giancarlo Vannetti<\/span><\/a>, lighting designer e programmatore<\/span><\/p>\t\t\t\t\t\t\t\t<\/div>\n\t\t\t\t<\/div>\n\t\t\t\t\t<\/div>\n\t\t\t\t<\/div>\n\t\t\t\t<\/div>\n\t\t","protected":false},"excerpt":{"rendered":"<p>Confcooperative Lazio SudLatina da Marted\u00ec 19 Marzo 2024 &#8211; h.10:00a Mercoled\u00ec 20 Marzo 2024 &#8211; h.18:00 ISCRIZIONI CHIUSE Proel &#8211; On and On TheaterSant&#8217;Omero (TE) da Marted\u00ec 26 Marzo 2024 &#8211; h.10:00a Mercoled\u00ec 27 Marzo 2024 &#8211; h.18:00 PARTECIPA Training Livello Base e Intermedio Ogni tappa prevede due giornate di formazione tecnica e pratica sull\u2019utilizzo [&hellip;]<\/p>\n","protected":false},"author":572,"featured_media":0,"parent":0,"menu_order":0,"comment_status":"closed","ping_status":"closed","template":"","meta":{"_acf_changed":false,"footnotes":""},"class_list":["post-6503","page","type-page","status-publish","hentry"],"acf":[],"_links":{"self":[{"href":"https:\/\/sagitter.com\/it\/wp-json\/wp\/v2\/pages\/6503","targetHints":{"allow":["GET"]}}],"collection":[{"href":"https:\/\/sagitter.com\/it\/wp-json\/wp\/v2\/pages"}],"about":[{"href":"https:\/\/sagitter.com\/it\/wp-json\/wp\/v2\/types\/page"}],"author":[{"embeddable":true,"href":"https:\/\/sagitter.com\/it\/wp-json\/wp\/v2\/users\/572"}],"replies":[{"embeddable":true,"href":"https:\/\/sagitter.com\/it\/wp-json\/wp\/v2\/comments?post=6503"}],"version-history":[{"count":11,"href":"https:\/\/sagitter.com\/it\/wp-json\/wp\/v2\/pages\/6503\/revisions"}],"predecessor-version":[{"id":6590,"href":"https:\/\/sagitter.com\/it\/wp-json\/wp\/v2\/pages\/6503\/revisions\/6590"}],"wp:attachment":[{"href":"https:\/\/sagitter.com\/it\/wp-json\/wp\/v2\/media?parent=6503"}],"curies":[{"name":"wp","href":"https:\/\/api.w.org\/{rel}","templated":true}]}}