{"id":11768,"date":"2026-05-13T03:01:14","date_gmt":"2026-05-13T01:01:14","guid":{"rendered":"https:\/\/sagitter.com\/prodotto\/sg-arh600-hazer-machine-600-dmx\/"},"modified":"2026-05-13T03:01:15","modified_gmt":"2026-05-13T01:01:15","slug":"sg-arh600-hazer-machine-600-dmx","status":"publish","type":"product","link":"https:\/\/sagitter.com\/it\/prodotto\/sg-arh600-hazer-machine-600-dmx\/","title":{"rendered":"Hazer machine 600 DMX"},"content":{"rendered":"<p><em><strong>DATI ELETTRICI<\/strong><\/em><br \/>Alimentazione: AC~230V &#8211; 50Hz<br \/>Potenza assorbita: 300W<br \/><em><strong>CONTROLLO<\/strong><\/em><br \/>Controllo software: LCD Display<br \/>Controllo: Manuale, DMX<br \/>Controllo elettronico della temperatura<br \/>Controllo velocit\u00e0 ventola<br \/>Erogazione continua<br \/>Canali DMX: 2 CH<br \/><em><strong>DATI TECNICI<\/strong><\/em><br \/>Serbatoio: 1 l<br \/>Tempo primo riscaldamento: 60 sec.<br \/>Alimentazione IN: connettore VDE<br \/>Per un buon funzionamento si consiglia l&#8217;uso di liquidi Proel \/ Sagitter<br \/>Peso: 19 kg<br \/>Dimensioni: 380x260x470 mm<br \/>Connessione DMX: XLR 3 poli<\/p>\n","protected":false},"excerpt":{"rendered":"<p><strong>\u2022 ARH 600<\/strong> \u00e8 la soluzione ottimale per generare fumo ad alta densit\u00e0, con un software DMX dedicato. La stabilit\u00e0dell\u2019emissione \u00e8 una delle sue peculiarit\u00e0 pi\u00f9 importanti che la rende perfetta per la saturazione di ambienti dipiccoli e medie dimensioni. Questa macchina presenta una tecnologia avanzata che la contraddistingue da tutte lealtre macchine del fumo ambiente disponibili sul mercato. Garantisce la produzione di fumo puro, bianco e secco persoddisfare tutti i professionisti del settore pur consumando solo 300W. Il sensore elettronico del livello liquido nellatanica, consente di disabilitare il funzionamento della macchina quando il liquido \u00e8 insufficente, proteggendo cos\u00ec lapompa e la caldaia. ARH 600 risponde perfettamente alle esigenze di trasporto del mercato rental e touring grazie allasua struttura compatta in ferro dotata di un comodo case per il trasporto (incluso).<\/p>\n","protected":false},"featured_media":143928,"template":"","meta":{"_acf_changed":false},"product_brand":[],"product_cat":[25,26],"product_tag":[],"class_list":{"0":"post-11768","1":"product","2":"type-product","3":"status-publish","4":"has-post-thumbnail","6":"product_cat-legacy","7":"product_cat-lighting","9":"first","10":"instock","11":"product-type-simple"},"acf":[],"_links":{"self":[{"href":"https:\/\/sagitter.com\/it\/wp-json\/wp\/v2\/product\/11768","targetHints":{"allow":["GET"]}}],"collection":[{"href":"https:\/\/sagitter.com\/it\/wp-json\/wp\/v2\/product"}],"about":[{"href":"https:\/\/sagitter.com\/it\/wp-json\/wp\/v2\/types\/product"}],"wp:featuredmedia":[{"embeddable":true,"href":"https:\/\/sagitter.com\/it\/wp-json\/wp\/v2\/media\/143928"}],"wp:attachment":[{"href":"https:\/\/sagitter.com\/it\/wp-json\/wp\/v2\/media?parent=11768"}],"wp:term":[{"taxonomy":"product_brand","embeddable":true,"href":"https:\/\/sagitter.com\/it\/wp-json\/wp\/v2\/product_brand?post=11768"},{"taxonomy":"product_cat","embeddable":true,"href":"https:\/\/sagitter.com\/it\/wp-json\/wp\/v2\/product_cat?post=11768"},{"taxonomy":"product_tag","embeddable":true,"href":"https:\/\/sagitter.com\/it\/wp-json\/wp\/v2\/product_tag?post=11768"}],"curies":[{"name":"wp","href":"https:\/\/api.w.org\/{rel}","templated":true}]}}