{"id":11770,"date":"2026-05-13T03:01:49","date_gmt":"2026-05-13T01:01:49","guid":{"rendered":"https:\/\/sagitter.com\/prodotto\/sg-hdbeam-testa-mobile-beam-230w\/"},"modified":"2026-05-13T03:01:50","modified_gmt":"2026-05-13T01:01:50","slug":"sg-hdbeam-testa-mobile-beam-230w","status":"publish","type":"product","link":"https:\/\/sagitter.com\/it\/prodotto\/sg-hdbeam-testa-mobile-beam-230w\/","title":{"rendered":"Testa mobile Beam 230W"},"content":{"rendered":"<p><strong>Sorgente luminosa<\/strong><\/p>\n<ul>\n<li>Osram Sirius HRI 230W<\/li>\n<li>Temperatura colore 8000K<\/li>\n<li>Vita media sorgente: >3.000 ore<\/li>\n<li>Ballast elettronico<\/li>\n<\/ul>\n<p><strong>Ottica<\/strong><\/p>\n<ul>\n<li>Angolo di proiezione: 3,8\u00b0<\/li>\n<li>Focus elettronico da 2m a infinito<\/li>\n<li>Luminosit\u00e0 59.700 lux @20mt<\/li>\n<\/ul>\n<p><strong>Sistema colori<\/strong><\/p>\n<ul>\n<li>Ruota colori 14 filtri dicroici piu bianco (CTO \u2013 CTB)<\/li>\n<\/ul>\n<p><strong>Effetti<\/strong><\/p>\n<ul>\n<li>Ruota 17 gobos statici in metallo con 3 \u201cbeam reduce\u201d<\/li>\n<li>Effetto gobo shake<\/li>\n<li>Effetto gobo scroll a velocita variabile in entrambe le direzioni<\/li>\n<li>Prisma circolare a 8 facce rotanti a velocita variabile<\/li>\n<li>Effetto zoom prisma regolabile<\/li>\n<li>Effetto color rainbow in entrambe le direzioni<\/li>\n<li>Frost: indipendente<\/li>\n<li>Dimmer lineare 0-100% ad alta risoluzione<\/li>\n<li>Strobo elettronico ad alta velocita max.15 flash\/s, velocita variabile<\/li>\n<li>Effetto random strobo e pulse dimmer a velocita variabile<\/li>\n<\/ul>\n<p><strong>Controllo e programmazione<\/strong><\/p>\n<ul>\n<li>2 configurazioni DMX disponibili: 16\/20 canali<\/li>\n<li>Controllo segnale USITT DMX 512<\/li>\n<li>Risoluzione Pan&#038;Tilt 8\/16 bit selezionabile<\/li>\n<li>Sistema di diagnostica interno per rilievo anomalie<\/li>\n<\/ul>\n<p><strong>Struttura e corpo mobile<\/strong><\/p>\n<ul>\n<li>Struttura in metallo con coperture in plastica pressofusa in ABS di colore nero<\/li>\n<li>Display LCD grafico di colore azzurro<\/li>\n<li>Escursione: PAN 540\u00b0 e TILT 252\u00b0<\/li>\n<li>Motori di movimento Pan&#038;Tilt trifase<\/li>\n<li>Tempo di rotazione completa PAN: 2,10 sec.<\/li>\n<li>Tempo di rotazione completa TILT: 1,20 sec.<\/li>\n<li>Risoluzione: PAN 2,11\u00b0 (8 bit) \u2013 PAN 0,008\u00b0 (16 bit)<\/li>\n<li>Risoluzione: TILT 0,98\u00b0 (8 bit) \u2013 PAN 0,004\u00b0 (16 bit)<\/li>\n<li>Sistema di ancoraggio con omega a fissaggio rapido (1\/4 di giro) sulla base<\/li>\n<li>Riposizionamento automatico di Pan&#038;Tilt in seguito a spostamenti accidentali non comandati da mixer<\/li>\n<li>Sistema di blocco movimenti Pan&#038;Tilt<\/li>\n<li>Connessione di segnale DMX ingresso e uscita XLR 3\/5 poli<\/li>\n<li>Grado di protezione IP 20<\/li>\n<li>Raffreddamento a ventilazione forzata controllata elettronicamente<\/li>\n<\/ul>\n<p><strong>Alimentazione<\/strong><\/p>\n<ul>\n<li>Input Voltage: AC~100-240V 50\/60Hz<\/li>\n<li>Alimentatore switching universale<\/li>\n<li>Consumo 350W<\/li>\n<li>Connessione d\u2019alimentazione powerCON<\/li>\n<li>Cavo alimentazione 1,5 mt incluso<\/li>\n<\/ul>\n<p><strong>Peso e dimensioni<\/strong><\/p>\n<ul>\n<li>Peso netto: 17,4 kg<\/li>\n<li>Dimensioni: 394x368x509 mm<\/li>\n<\/ul>\n","protected":false},"excerpt":{"rendered":"<p>HD BEAM \u00e8 un proiettore a testa mobile da 230W, che utilizza la nuova lampada Osram HRI 230W capace di erogare un flusso luminoso pari a 10.000 lumen con una vita prolungata fino a 3000 ore di funzionamento. HD Beam si distingue dai tradizionali proiettori a scarica per la sua estrema luminosit\u00e0 e brillantezza, dovuta all\u2019utilizzo di uno speciale gruppo ottico composto da due lenti ad \u201calta densit\u00e0\u201d. L\u2019utilizzo di una nuova tecnologia applicata ai motori Pan&#038;Tilt garantisce il raggiungimento di velocit\u00e0 mai viste prima nel mondo dello spettacolo, aumentando la reale efficacia del proiettore. Luminosit\u00e0 e velocit\u00e0 sono racchiuse in un corpo compatto e leggero con un design unico e originale di appena 17 kg di peso.<\/p>\n","protected":false},"featured_media":143970,"template":"","meta":{"_acf_changed":false},"product_brand":[],"product_cat":[25,26],"product_tag":[],"class_list":{"0":"post-11770","1":"product","2":"type-product","3":"status-publish","4":"has-post-thumbnail","6":"product_cat-legacy","7":"product_cat-lighting","9":"first","10":"instock","11":"product-type-simple"},"acf":[],"_links":{"self":[{"href":"https:\/\/sagitter.com\/it\/wp-json\/wp\/v2\/product\/11770","targetHints":{"allow":["GET"]}}],"collection":[{"href":"https:\/\/sagitter.com\/it\/wp-json\/wp\/v2\/product"}],"about":[{"href":"https:\/\/sagitter.com\/it\/wp-json\/wp\/v2\/types\/product"}],"wp:featuredmedia":[{"embeddable":true,"href":"https:\/\/sagitter.com\/it\/wp-json\/wp\/v2\/media\/143970"}],"wp:attachment":[{"href":"https:\/\/sagitter.com\/it\/wp-json\/wp\/v2\/media?parent=11770"}],"wp:term":[{"taxonomy":"product_brand","embeddable":true,"href":"https:\/\/sagitter.com\/it\/wp-json\/wp\/v2\/product_brand?post=11770"},{"taxonomy":"product_cat","embeddable":true,"href":"https:\/\/sagitter.com\/it\/wp-json\/wp\/v2\/product_cat?post=11770"},{"taxonomy":"product_tag","embeddable":true,"href":"https:\/\/sagitter.com\/it\/wp-json\/wp\/v2\/product_tag?post=11770"}],"curies":[{"name":"wp","href":"https:\/\/api.w.org\/{rel}","templated":true}]}}