{"id":11775,"date":"2026-04-08T03:00:21","date_gmt":"2026-04-08T01:00:21","guid":{"rendered":"https:\/\/sagitter.com\/prodotto\/sg-regolohtz-proiettore-led-12x10w-rgbw-fc-zoom\/"},"modified":"2026-04-08T03:00:26","modified_gmt":"2026-04-08T01:00:26","slug":"sg-regolohtz-proiettore-led-12x10w-rgbw-fc-zoom","status":"publish","type":"product","link":"https:\/\/sagitter.com\/it\/prodotto\/sg-regolohtz-proiettore-led-12x10w-rgbw-fc-zoom\/","title":{"rendered":"Proiettore led 12x10W RGBW\/FC Zoom"},"content":{"rendered":"<p><em><strong>DATI ELETTRICI<\/strong><\/em><br \/>Alimentazione: AC~100-240V, 50\/60Hz<br \/>Potenza assorbita: 130W<br \/><em><strong>SORGENTE LUMINOSA<\/strong><\/em><br \/>LED: 12X10W Osram Ostar led RGBW\/FC<br \/>Lux@3m: 7900 LUX (min. zoom)<br \/>Ottica: zoom elettronico 11\u00b0-58\u00b0<br \/><em><strong>CONTROLLO<\/strong><\/em><br \/>Controllo software: LCD Display<br \/>Controllo: Built-in programs, auto running mode, DMX mode, master\/slave mode, soundactive mode, and static colors<br \/>Canali DMX: 10,21 CH<br \/><em><strong>DATI TECNICI<\/strong><\/em><br \/>Corpo: Alluminio pressofuso<br \/>Ancoraggio: Doppia staffa per ancoraggio in quota ed appoggio a terra<br \/>Alimetazione IN: connettore POWERCON IN\/OUT<br \/>Alimentazione OUT: max. 4 pcs @240V 2 pcs @110V<br \/>Peso: 4,8 kg<br \/>Dimensioni: 260x205x326 mm<br \/>Connessione DMX: XLR 3 poli<br \/>Raffreddamento: ad aria forzata con ventole silenziate con contollo automatico della velocit\u00e0<br \/>Grado di protezione: IP20<\/p>\n","protected":false},"excerpt":{"rendered":"<p><strong>\u2022 REGOLO HTZ<\/strong> \u00e8 un proiettore che stravolge il mondo dello spettacolo offrendo effetti visivi mai visti prima grazie adun\u2019innovativo sistema ottico basato su tecnologia a lente singola con terminatori pianoconvessi altamente efficientinella concentrazione del fascio luminoso e nella premiscelazione dei colori. La sorgente luminosa \u00e8 composta da12x10W Osram Ostar led RGBW\/FC. Grazie al sistema di riflessione interna dovuta all\u2019ottica secondaria dedicata inseritatra i 12 terminatori i colori vengono pre miscelati nei canali ottici, ottenendo una naturalit\u00e0 cromatica mai vista tra legenerazioni precedenti di proiettori con sorgente led. Ogni tonalit\u00e0 di colore \u00e8 riprodotta in modo fedele ed uniforme,passando da colori saturi a tinte pastello aggiungendo perfette riproduzioni di tutte le temperature colori del bianco.Inoltre il proiettore \u00e8 dotato di uno zoom da 11\u00b0-58\u00b0 che permette di passare da un fascio definito come un beam aduna proiezione diffusa come un proiettore wash.<\/p>\n","protected":false},"featured_media":30031,"template":"","meta":{"_acf_changed":false},"product_brand":[],"product_cat":[26,25],"product_tag":[],"class_list":{"0":"post-11775","1":"product","2":"type-product","3":"status-publish","4":"has-post-thumbnail","6":"product_cat-lighting","7":"product_cat-legacy","9":"first","10":"instock","11":"product-type-simple"},"acf":[],"_links":{"self":[{"href":"https:\/\/sagitter.com\/it\/wp-json\/wp\/v2\/product\/11775","targetHints":{"allow":["GET"]}}],"collection":[{"href":"https:\/\/sagitter.com\/it\/wp-json\/wp\/v2\/product"}],"about":[{"href":"https:\/\/sagitter.com\/it\/wp-json\/wp\/v2\/types\/product"}],"wp:featuredmedia":[{"embeddable":true,"href":"https:\/\/sagitter.com\/it\/wp-json\/wp\/v2\/media\/30031"}],"wp:attachment":[{"href":"https:\/\/sagitter.com\/it\/wp-json\/wp\/v2\/media?parent=11775"}],"wp:term":[{"taxonomy":"product_brand","embeddable":true,"href":"https:\/\/sagitter.com\/it\/wp-json\/wp\/v2\/product_brand?post=11775"},{"taxonomy":"product_cat","embeddable":true,"href":"https:\/\/sagitter.com\/it\/wp-json\/wp\/v2\/product_cat?post=11775"},{"taxonomy":"product_tag","embeddable":true,"href":"https:\/\/sagitter.com\/it\/wp-json\/wp\/v2\/product_tag?post=11775"}],"curies":[{"name":"wp","href":"https:\/\/api.w.org\/{rel}","templated":true}]}}