{"id":11793,"date":"2026-05-10T03:08:36","date_gmt":"2026-05-10T01:08:36","guid":{"rendered":"https:\/\/sagitter.com\/prodotto\/sg-widmxpro-dmx-wireless-transmitter-2\/"},"modified":"2026-05-10T03:08:53","modified_gmt":"2026-05-10T01:08:53","slug":"sg-widmxpro-dmx-wireless-transmitter","status":"publish","type":"product","link":"https:\/\/sagitter.com\/it\/prodotto\/sg-widmxpro-dmx-wireless-transmitter\/","title":{"rendered":"DMX wireless transmitter"},"content":{"rendered":"<p><em><strong>Caratteristiche tecniche:<\/strong><\/em><\/p>\n<p>Banda di frequeza: 2,4 GHz &#8211; 2,483 GHz (ISM)<\/p>\n<p>N\u00b0 canali utilizzati: 20<\/p>\n<p>Copertura Radio: 500 metri in campo aperto<\/p>\n<p>Tensione \/ corrente: 5 Vdc \/ 650 mA<\/p>\n<p><em><strong>Dimensioni e peso: <\/strong><\/em><\/p>\n<p>Dimensioni (L x H x P)\u00a0<span style=\"font-size: 13px; line-height: 20.7999992370605px;\">65 x 45 x 30 mm\u00a0<\/span><\/p>\n<p>Peso: 65 g<\/p>\n<p>\u00a0<\/p>\n<p>\u00a0<\/p>\n<p><a href=\"http:\/\/www.wi-dmx.com\/\" rel=\"nofollow\" target=\"_blank\"><img decoding=\"async\" alt=\"wi-dmx\" src=\"image\/data\/sagitter\/wi-dmx.jpg\" style=\"width: 150px;\" \/><\/a><\/p>\n","protected":false},"excerpt":{"rendered":"<p>Oggi il segnale DMX512 pu\u00f2 fare a meno del cavo e viaggiare in aria senza ostacoli o impedimenti. Wi-DMX Pro il pi\u00f9 piccolo trasmettitore wireless sul mercato garantisce una trasmissione sicura del dato DMX anche a gradi distanze, totalmente ideato e realizzato in Italia permette di abbandonare con estrema sicurezza il vecchio sistema di trasmissione via cavo. La ricezione \u00e8 affidata a Wi-DPen Pro un ricevitore miniaturizzato all\u2019interno di un connettore standard XLR a scelta tra la versione 3 e 5 poli della famosa casa costruttrice Neutrik. Unico nel suo genere, questo ricevitore nella versione 5 poli \u00e8 dotato dell\u2019esclusivo brevetto \u201cpin4power\u201d il quale consente di alimentare il ricevitore direttamente dal connettore DMX del proiettore. Inoltre il sistema kit Wi-DMX Pro per dare maggiore sicurezza e distanza di trasmissione ha la possibilit\u00e0 di trasformarsi in un \u201cwireless extender\u201d capace di ripetere il segnale alla prossima ricevente qualora fosse necessario per motivi di copertura. Tutti i sistemi Wi-DMX sono compatibili con le pi\u00f9 comuni antenne di trasmissione e dove fosse necessario \u00e8 possibile installare antenne pi\u00f9 potenti per prestazioni ancora pi\u00f9 importanti.<\/p>\n","protected":false},"featured_media":128255,"template":"","meta":{"_acf_changed":false},"product_brand":[],"product_cat":[25,26],"product_tag":[],"class_list":{"0":"post-11793","1":"product","2":"type-product","3":"status-publish","4":"has-post-thumbnail","6":"product_cat-legacy","7":"product_cat-lighting","9":"first","10":"instock","11":"product-type-simple"},"acf":[],"_links":{"self":[{"href":"https:\/\/sagitter.com\/it\/wp-json\/wp\/v2\/product\/11793","targetHints":{"allow":["GET"]}}],"collection":[{"href":"https:\/\/sagitter.com\/it\/wp-json\/wp\/v2\/product"}],"about":[{"href":"https:\/\/sagitter.com\/it\/wp-json\/wp\/v2\/types\/product"}],"wp:featuredmedia":[{"embeddable":true,"href":"https:\/\/sagitter.com\/it\/wp-json\/wp\/v2\/media\/128255"}],"wp:attachment":[{"href":"https:\/\/sagitter.com\/it\/wp-json\/wp\/v2\/media?parent=11793"}],"wp:term":[{"taxonomy":"product_brand","embeddable":true,"href":"https:\/\/sagitter.com\/it\/wp-json\/wp\/v2\/product_brand?post=11793"},{"taxonomy":"product_cat","embeddable":true,"href":"https:\/\/sagitter.com\/it\/wp-json\/wp\/v2\/product_cat?post=11793"},{"taxonomy":"product_tag","embeddable":true,"href":"https:\/\/sagitter.com\/it\/wp-json\/wp\/v2\/product_tag?post=11793"}],"curies":[{"name":"wp","href":"https:\/\/api.w.org\/{rel}","templated":true}]}}