{"id":11852,"date":"2026-05-16T03:27:57","date_gmt":"2026-05-16T01:27:57","guid":{"rendered":"https:\/\/sagitter.com\/prodotto\/sg-quartz300-testa-mobile-wash-19x15w-led-rgbw-fc-zoom\/"},"modified":"2026-05-16T03:28:31","modified_gmt":"2026-05-16T01:28:31","slug":"sg-quartz300-testa-mobile-wash-19x15w-led-rgbw-fc-zoom","status":"publish","type":"product","link":"https:\/\/sagitter.com\/it\/prodotto\/sg-quartz300-testa-mobile-wash-19x15w-led-rgbw-fc-zoom\/","title":{"rendered":"Testa mobile wash 19x15W led RGBW\/FC Zoom"},"content":{"rendered":"<table border=\"0\" cellpadding=\"0\" cellspacing=\"0\" width=\"856\" style=\"width: 641pt;\">\n<colgroup>\n<col width=\"194\" style=\"mso-width-source:userset;mso-width-alt:6883;width:145pt\">\n<col width=\"662\" style=\"mso-width-source:userset;mso-width-alt:23523;width:496pt\"> <\/colgroup>\n<tbody>\n<tr height=\"58\" style=\"height:43.2pt\">\n<td height=\"58\" class=\"xl66\" width=\"194\" style=\"height:43.2pt;width:145pt\">Sorgente  luminosa<\/td>\n<td class=\"xl65\" width=\"662\" style=\"width:496pt\">19x15W RGBW Full Color<br \/>    Vita media sorgente LED: >50.000h<br \/>    Frequenza diodi led: >400Hz anti-flicker<\/td>\n<\/tr>\n<tr height=\"38\" style=\"height:28.8pt\">\n<td height=\"38\" class=\"xl66\" style=\"height:28.8pt\">Ottica<\/td>\n<td class=\"xl65\" width=\"662\" style=\"width:496pt\">Angolo di proiezione: zoom  8\u00b0-62\u00b0<br \/>    Luminosita: 8600Lux (5m \u2013 full ON \u2013 8\u00b0) \/ 800Lux (5m \u2013 full ON \u2013 62\u00b0)<\/td>\n<\/tr>\n<tr height=\"38\" style=\"height:28.8pt\">\n<td height=\"38\" class=\"xl66\" style=\"height:28.8pt\">Sistema Colori<\/td>\n<td class=\"xl65\" width=\"662\" style=\"width:496pt\">Sorgente led 4 in 1 RGBW Full  Color<br \/>    Possibilit\u00e0 cromatiche illimitate<\/td>\n<\/tr>\n<tr height=\"96\" style=\"height:72.0pt\">\n<td height=\"96\" class=\"xl66\" style=\"height:72.0pt\">Effetti<\/td>\n<td class=\"xl65\" width=\"662\" style=\"width:496pt\">Dimmer lineare 0-100%<br \/>    Strobo elettronico ad alta velocita max.1-20 flash\/s, velocita  variabile<br \/>    Effetto random strobo e pulse dimmer a velocita variabile<br \/>    Controllo indipendente Single Pixel<br \/>    Macro colori e richiamabili da DMX<\/td>\n<\/tr>\n<tr height=\"96\" style=\"height:72.0pt\">\n<td height=\"96\" class=\"xl66\" style=\"height:72.0pt\">Controllo e programmazione<\/td>\n<td class=\"xl65\" width=\"662\" style=\"width:496pt\">3 configurazioni DMX  disponibili: 14\/20\/92 canali<br \/>    Controllo segnale USITT DMX 512<br \/>    Risoluzione Pan&#038;Tilt 8\/16 bit selezionabile<br \/>    Modalita Master\/Slave<br \/>    Reset delle funzioni comandabile da centralina<\/td>\n<\/tr>\n<tr height=\"154\" style=\"height:115.2pt\">\n<td height=\"154\" class=\"xl66\" style=\"height:115.2pt\">Struttura e corpo mobile<\/td>\n<td class=\"xl65\" width=\"662\" style=\"width:496pt\">Struttura in metallo e coperture  in plastica pressofusa ad alta resistenza di colore nero<br \/>    Display LCD grafico a colori<br \/>    Escursione: PAN selezionabile 630\u00b0\/540\u00b0\/360\u00b0 e TILT selezionabile  270\u00b0\/180\u00b0\/90\u00b0<br \/>    Sistema di ancoraggio con omega a fissaggio rapido (1\/4 di giro) sulla  base<br \/>    Riposizionamento automatico di Pan&#038;Tilt in seguito a spostamenti  accidentali non comandati da mixer<br \/>    Connessione segnale DMX ingresso e uscita XLR 3 poli<br \/>    Grado di protezione IP 20<br \/>    Raffreddamento a ventilazione forzata controllata elettronicamente<\/td>\n<\/tr>\n<tr height=\"96\" style=\"height:72.0pt\">\n<td height=\"96\" class=\"xl66\" style=\"height:72.0pt\">Alimentazione<\/td>\n<td class=\"xl65\" width=\"662\" style=\"width:496pt\">Input Voltage: AC~100-240V  50\/60Hz<br \/>    Alimentatore switching universale<br \/>    Consumo 350W<br \/>    Connessione d\u2019alimentazione powerCON IN\/OUT<br \/>    Cavo alimentazione 1,5 mt incluso<\/td>\n<\/tr>\n<tr height=\"38\" style=\"height:28.8pt\">\n<td height=\"38\" class=\"xl66\" style=\"height:28.8pt\">Peso e dimensioni<\/td>\n<td class=\"xl65\" width=\"662\" style=\"width:496pt\">Peso netto: 11,5 kg<br \/>    Dimensioni: 420x205x450 mm<\/td>\n<\/tr>\n<\/tbody>\n<\/table>\n<table border=\"0\" cellpadding=\"0\" cellspacing=\"0\" width=\"856\" style=\"width: 641pt;\"><\/table>\n","protected":false},"excerpt":{"rendered":"<p>Quartz 300 \u00e8 un innovativo proiettore testa mobile a led che grazie alla sua versatilit\u00e0, pu\u00f2 essere impiegato in molti modi differenti anche all\u2019interno dello stesso show. Le 19 sorgenti led Osram RGBW\/FC da 15W di ultima generazione fanno parte di un sistema di sintesi colore basato sull\u2019odierna tecnologia di miscelazione full color che garantisce una elevata illuminazione di superfici e scenografie, garantendo allo stesso tempo brillantezza sull\u2019intera scala cromatica. Quartz 300 grazie all\u2019avanzata tecnologia zoom combinata con guide ottiche dedicate, assicura una perfetta miscelazione dei colori durante il controllo digitale dello zoom variabile da 8\u00b0 a 62\u00b0. L\u2019ampiezza del sistema zoom consente di emettere un fascio stretto e definito simulando un effetto beam, ed allo stesso tempo permette di riprodurre un\u2019illuminazione ampia e diffusa come i classici proiettori wash. Questa nuova serie di proiettori a testa mobile offre all\u2019utilizzatore la possibilit\u00e0 di controllare individualmente ogni singola sorgente led, creando cos\u00ec numerosi effetti grafici che combinati al sistema ottico garantiscono un efficace \u201cair fx\u201d.<\/p>\n","protected":false},"featured_media":161649,"template":"","meta":{"_acf_changed":false},"product_brand":[],"product_cat":[25,26],"product_tag":[32],"class_list":{"0":"post-11852","1":"product","2":"type-product","3":"status-publish","4":"has-post-thumbnail","6":"product_cat-legacy","7":"product_cat-lighting","8":"product_tag-entertainment","10":"first","11":"instock","12":"product-type-simple"},"acf":[],"_links":{"self":[{"href":"https:\/\/sagitter.com\/it\/wp-json\/wp\/v2\/product\/11852","targetHints":{"allow":["GET"]}}],"collection":[{"href":"https:\/\/sagitter.com\/it\/wp-json\/wp\/v2\/product"}],"about":[{"href":"https:\/\/sagitter.com\/it\/wp-json\/wp\/v2\/types\/product"}],"wp:featuredmedia":[{"embeddable":true,"href":"https:\/\/sagitter.com\/it\/wp-json\/wp\/v2\/media\/161649"}],"wp:attachment":[{"href":"https:\/\/sagitter.com\/it\/wp-json\/wp\/v2\/media?parent=11852"}],"wp:term":[{"taxonomy":"product_brand","embeddable":true,"href":"https:\/\/sagitter.com\/it\/wp-json\/wp\/v2\/product_brand?post=11852"},{"taxonomy":"product_cat","embeddable":true,"href":"https:\/\/sagitter.com\/it\/wp-json\/wp\/v2\/product_cat?post=11852"},{"taxonomy":"product_tag","embeddable":true,"href":"https:\/\/sagitter.com\/it\/wp-json\/wp\/v2\/product_tag?post=11852"}],"curies":[{"name":"wp","href":"https:\/\/api.w.org\/{rel}","templated":true}]}}