{"id":11926,"date":"2026-04-14T03:04:25","date_gmt":"2026-04-14T01:04:25","guid":{"rendered":"https:\/\/sagitter.com\/prodotto\/sg-archerb1kit-kit-composto-da-4-teste-mobili-archer-beam-b1-incluso-flightcase\/"},"modified":"2026-04-14T03:04:26","modified_gmt":"2026-04-14T01:04:26","slug":"sg-archerb1kit-kit-composto-da-4-teste-mobili-archer-beam-b1-incluso-flightcase","status":"publish","type":"product","link":"https:\/\/sagitter.com\/it\/prodotto\/sg-archerb1kit-kit-composto-da-4-teste-mobili-archer-beam-b1-incluso-flightcase\/","title":{"rendered":"KIT composto da 4 teste mobili Archer Beam B1 (incluso flightcase)"},"content":{"rendered":"<p style=\"font-size: 13px;\"><em><strong>Sorgente luminosa<\/strong><\/em><\/p>\n<p style=\"font-size: 13px;\">\u2022 Lampada ad alogenuri metallici Osram SIRIUS HRI 100W<\/p>\n<p style=\"font-size: 13px;\">\u2022 Temperatura colore: 9200K<\/p>\n<p style=\"font-size: 13px;\"><em><strong>Ottica<\/strong><\/em><\/p>\n<p style=\"font-size: 13px;\">\u2022 Angolo di proiezione: 2,5\u00b0<\/p>\n<p style=\"font-size: 13px;\">\u2022 Focus elettronico<\/p>\n<p style=\"font-size: 13px;\">\u2022 Luminosit\u00e0: 40.000 LUX@10m<\/p>\n<p style=\"font-size: 13px;\"><em><strong>Sistema colori<\/strong><\/em><\/p>\n<p style=\"font-size: 13px;\">\u2022 Ruota colori 12 filtri dicroici pi\u00f9 bianco (CTO \u2013 CTB)<\/p>\n<p style=\"font-size: 13px;\"><em><strong>Effetti<\/strong><\/em><\/p>\n<p style=\"font-size: 13px;\">\u2022 Ruota 13 gobos statici (9 gobo + 4 beam reducer)<\/p>\n<p style=\"font-size: 13px;\">\u2022 Effetto gobo scroll a velocita variabile<\/p>\n<p style=\"font-size: 13px;\">\u2022 Prisma circolare 8 facce rotazione bidirezionale indicizzabile<\/p>\n<p style=\"font-size: 13px;\">\u2022 Prisma lineare 5 facce rotazione bidirezionale indicizzabile<\/p>\n<p style=\"font-size: 13px;\">\u2022 Effetto color rainbow<\/p>\n<p style=\"font-size: 13px;\">\u2022 Filtro Frost<\/p>\n<p style=\"font-size: 13px;\">\u2022 Dimmer lineare 0-100%<\/p>\n<p style=\"font-size: 13px;\">\u2022 Strobo elettronico ad alta velocita<\/p>\n<p style=\"font-size: 13px;\">\u2022 Effetto random strobo<\/p>\n<p style=\"font-size: 13px;\"><em><strong>Controllo e programmazione<\/strong><\/em><\/p>\n<p style=\"font-size: 13px;\">\u2022 2 configurazioni DMX disponibili: 14\/16 canali<\/p>\n<p style=\"font-size: 13px;\">\u2022 Controllo segnale USITT DMX512<\/p>\n<p style=\"font-size: 13px;\">\u2022 Predisposizione per Wireless DMX by Wireless Solution (kit non incluso)<\/p>\n<p style=\"font-size: 13px;\">\u2022 Risoluzione Pan&#038;Tilt 8\/16 bit selezionabile<\/p>\n<p style=\"font-size: 13px;\">\u2022 Reset delle funzioni comandabile da centralina<\/p>\n<p style=\"font-size: 13px;\"><em><strong>Struttura e corpo mobile<\/strong><\/em><\/p>\n<p style=\"font-size: 13px;\">\u2022 Struttura in metallo con coperture in plastica ABS di colore nero<\/p>\n<p style=\"font-size: 13px;\">\u2022 Display LCD grafico a colori<\/p>\n<p style=\"font-size: 13px;\">\u2022 Angolo di Pan 540\u00b0<\/p>\n<p style=\"font-size: 13px;\">\u2022 Angolo di Tilt 270\u00b0<\/p>\n<p style=\"font-size: 13px;\">\u2022 Sistema di ancoraggio con omega a fissaggio rapido (1\/4 di giro) sulla base<\/p>\n<p style=\"font-size: 13px;\">\u2022 Riposizionamento automatico di Pan e Tilt in seguito a spostamenti accidentali<\/p>\n<p style=\"font-size: 13px;\">\u2022 Connessione di segnale DMX IN\/OUT 3 poli<\/p>\n<p style=\"font-size: 13px;\">\u2022 Grado di protezione IP20<\/p>\n<p style=\"font-size: 13px;\">\u2022 Raffreddamento a ventilazione forzata controllata<\/p>\n<p style=\"font-size: 13px;\"><em><strong>Alimentazione<\/strong><\/em><\/p>\n<p style=\"font-size: 13px;\">\u2022 Input Voltage: AC~100-240V 50\/60Hz<\/p>\n<p style=\"font-size: 13px;\">\u2022 Alimentatore switching universale<\/p>\n<p style=\"font-size: 13px;\">\u2022 Potenza Max: 160W @ 230VAC<\/p>\n<p style=\"font-size: 13px;\">\u2022 Connessione d\u2019alimentazione PowerCon IN\/OUT<\/p>\n<p style=\"font-size: 13px;\"><em><strong>Peso e dimensioni<\/strong><\/em><\/p>\n<p style=\"font-size: 13px;\">\u2022 Peso netto: 9 kg<\/p>\n<p style=\"font-size: 13px;\">\u2022 Dimensioni (L x A x P): mm. 269x400x181\u00a0<\/p>\n","protected":false},"excerpt":{"rendered":"<p><strong>Archer B1<\/strong> \u00e8 un proiettore a testa mobile che utilizza una innovativa sorgente a scarica da 100W con una temperatura colore di 9000K ed un angolo di proiezione di 3,2\u00b0 capace di erogare un flusso luminoso di oltre 40.000 lux a 10 metri garantendo una durata di 6000 ore di funzionamento. Archer B1 si distingue dai tradizionali proiettori a scarica per la sua estrema luminosit\u00e0 e brillantezza, dovuta all\u2019utilizzo di uno speciale gruppo ottico appositamente studiato per questo prodotto. L\u2019utilizzo di una nuova tecnologia applicata ai motori Pan&#038;Tilt e le ridotte dimensioni del prodotto garantiscono il raggiungimento di velocit\u00e0 mai viste prima nel mondo dello spettacolo. Luminosit\u00e0 e velocit\u00e0 sono racchiuse in un corpo compatto e leggero con un design unico ed originale di appena 7,8 kg di peso; ampia \u00e8 la gamma effetti messa a disposizione dell\u2019utilizzatore, una ruota con 12 colori che consente di avere tinte sature e vivaci, una ruota con13 gobos e riduttori, un focus lineare , un filtro frost, un prisma a 16 facce che consente la creazione di effetti tunnel a mezz\u2019aria oltre a un innovativo prisma lineare sovrapponibile che consente di moltiplicare gli effetti realizzabili. Da oggi i professionisti dell\u2019 intrattenimento posso realizzare progetti di qualsiasi misura contenendo l\u2019investimento senza rinunciare alla migliore effettistica disponibile sul mercato.<\/p>\n","protected":false},"featured_media":30791,"template":"","meta":{"_acf_changed":false},"product_brand":[],"product_cat":[26,25],"product_tag":[],"class_list":{"0":"post-11926","1":"product","2":"type-product","3":"status-publish","4":"has-post-thumbnail","6":"product_cat-lighting","7":"product_cat-legacy","9":"first","10":"instock","11":"purchasable","12":"product-type-simple"},"acf":[],"_links":{"self":[{"href":"https:\/\/sagitter.com\/it\/wp-json\/wp\/v2\/product\/11926","targetHints":{"allow":["GET"]}}],"collection":[{"href":"https:\/\/sagitter.com\/it\/wp-json\/wp\/v2\/product"}],"about":[{"href":"https:\/\/sagitter.com\/it\/wp-json\/wp\/v2\/types\/product"}],"wp:featuredmedia":[{"embeddable":true,"href":"https:\/\/sagitter.com\/it\/wp-json\/wp\/v2\/media\/30791"}],"wp:attachment":[{"href":"https:\/\/sagitter.com\/it\/wp-json\/wp\/v2\/media?parent=11926"}],"wp:term":[{"taxonomy":"product_brand","embeddable":true,"href":"https:\/\/sagitter.com\/it\/wp-json\/wp\/v2\/product_brand?post=11926"},{"taxonomy":"product_cat","embeddable":true,"href":"https:\/\/sagitter.com\/it\/wp-json\/wp\/v2\/product_cat?post=11926"},{"taxonomy":"product_tag","embeddable":true,"href":"https:\/\/sagitter.com\/it\/wp-json\/wp\/v2\/product_tag?post=11926"}],"curies":[{"name":"wp","href":"https:\/\/api.w.org\/{rel}","templated":true}]}}