{"id":12000,"date":"2026-04-21T03:27:00","date_gmt":"2026-04-21T01:27:00","guid":{"rendered":"https:\/\/sagitter.com\/prodotto\/sg-al290bk-accoppiatore-singolo-in-alluminio-estruso-di-colore-nero\/"},"modified":"2026-04-21T03:27:11","modified_gmt":"2026-04-21T01:27:11","slug":"sg-al290bk-accoppiatore-singolo-in-alluminio-estruso-di-colore-nero","status":"publish","type":"product","link":"https:\/\/sagitter.com\/it\/prodotto\/sg-al290bk-accoppiatore-singolo-in-alluminio-estruso-di-colore-nero\/","title":{"rendered":"Accoppiatore singolo in alluminio estruso di colore nero"},"content":{"rendered":"<ul>\n<li>\u00d8 interno: per tubi da \u00f8 48 a \u00f8 51 mm<\/li>\n<li>Capacit\u00e0 di carico\/portata:100 Kg<\/li>\n<li>Colore: Nero<\/li>\n<\/ul>\n","protected":false},"excerpt":{"rendered":"<p>Accoppiatore singolo in alluminio estruso con bullone M10 x 50 con dado bloccante. \u00d8 interno 50.8 mm e pu\u00f2 essere utilizzato per tubi da \u00f8 48 a \u00f8 51 mm ( CARICO MAX: 100 Kg). Colore Nero<\/p>\n","protected":false},"featured_media":50276,"template":"","meta":{"_acf_changed":false},"product_brand":[],"product_cat":[26,27],"product_tag":[73],"class_list":{"0":"post-12000","1":"product","2":"type-product","3":"status-publish","4":"has-post-thumbnail","6":"product_cat-lighting","7":"product_cat-clamps-safety-ropes","8":"product_tag-lighting-cross-brand","10":"first","11":"instock","12":"purchasable","13":"product-type-simple"},"acf":[],"_links":{"self":[{"href":"https:\/\/sagitter.com\/it\/wp-json\/wp\/v2\/product\/12000","targetHints":{"allow":["GET"]}}],"collection":[{"href":"https:\/\/sagitter.com\/it\/wp-json\/wp\/v2\/product"}],"about":[{"href":"https:\/\/sagitter.com\/it\/wp-json\/wp\/v2\/types\/product"}],"wp:featuredmedia":[{"embeddable":true,"href":"https:\/\/sagitter.com\/it\/wp-json\/wp\/v2\/media\/50276"}],"wp:attachment":[{"href":"https:\/\/sagitter.com\/it\/wp-json\/wp\/v2\/media?parent=12000"}],"wp:term":[{"taxonomy":"product_brand","embeddable":true,"href":"https:\/\/sagitter.com\/it\/wp-json\/wp\/v2\/product_brand?post=12000"},{"taxonomy":"product_cat","embeddable":true,"href":"https:\/\/sagitter.com\/it\/wp-json\/wp\/v2\/product_cat?post=12000"},{"taxonomy":"product_tag","embeddable":true,"href":"https:\/\/sagitter.com\/it\/wp-json\/wp\/v2\/product_tag?post=12000"}],"curies":[{"name":"wp","href":"https:\/\/api.w.org\/{rel}","templated":true}]}}