{"id":12017,"date":"2026-04-19T03:26:10","date_gmt":"2026-04-19T01:26:10","guid":{"rendered":"https:\/\/sagitter.com\/prodotto\/sg-flbatplusgl1-sfera-decorativa-per-floor-bat-plus\/"},"modified":"2026-04-19T03:26:11","modified_gmt":"2026-04-19T01:26:11","slug":"sg-flbatplusgl1-sfera-decorativa-per-floor-bat-plus","status":"publish","type":"product","link":"https:\/\/sagitter.com\/it\/prodotto\/sg-flbatplusgl1-sfera-decorativa-per-floor-bat-plus\/","title":{"rendered":"Sfera decorativa per Floor BAT Plus"},"content":{"rendered":"","protected":false},"excerpt":{"rendered":"<p>Sfera realizzata in un materiale riflettente, che pu\u00f2 essere collegata al Floor BAT Plus tramite un aggancio rapido. Rappresenta un\u2019evoluzione significativanell\u2019uso degli apparecchi di illuminazione LED portatili, in quanto non solo amplia le capacit\u00e0 funzionali del proiettore a batteria, ma introduce anche unelemento di creativit\u00e0 e versatilit\u00e0 nel design dell\u2019illuminazione.<\/p>\n","protected":false},"featured_media":40130,"template":"","meta":{"_acf_changed":false},"product_brand":[],"product_cat":[26,42],"product_tag":[32,70],"class_list":{"0":"post-12017","1":"product","2":"type-product","3":"status-publish","4":"has-post-thumbnail","6":"product_cat-lighting","7":"product_cat-battery-projectors","8":"product_tag-entertainment","9":"product_tag-lighting-accessory","11":"first","12":"instock","13":"purchasable","14":"product-type-simple"},"acf":[],"_links":{"self":[{"href":"https:\/\/sagitter.com\/it\/wp-json\/wp\/v2\/product\/12017","targetHints":{"allow":["GET"]}}],"collection":[{"href":"https:\/\/sagitter.com\/it\/wp-json\/wp\/v2\/product"}],"about":[{"href":"https:\/\/sagitter.com\/it\/wp-json\/wp\/v2\/types\/product"}],"wp:featuredmedia":[{"embeddable":true,"href":"https:\/\/sagitter.com\/it\/wp-json\/wp\/v2\/media\/40130"}],"wp:attachment":[{"href":"https:\/\/sagitter.com\/it\/wp-json\/wp\/v2\/media?parent=12017"}],"wp:term":[{"taxonomy":"product_brand","embeddable":true,"href":"https:\/\/sagitter.com\/it\/wp-json\/wp\/v2\/product_brand?post=12017"},{"taxonomy":"product_cat","embeddable":true,"href":"https:\/\/sagitter.com\/it\/wp-json\/wp\/v2\/product_cat?post=12017"},{"taxonomy":"product_tag","embeddable":true,"href":"https:\/\/sagitter.com\/it\/wp-json\/wp\/v2\/product_tag?post=12017"}],"curies":[{"name":"wp","href":"https:\/\/api.w.org\/{rel}","templated":true}]}}